{"id":4500,"date":"2020-05-01T22:09:54","date_gmt":"2020-05-01T22:09:54","guid":{"rendered":"https:\/\/wordpress-theme.spider-themes.net\/docly\/?page_id=4500"},"modified":"2023-06-02T14:40:02","modified_gmt":"2023-06-02T14:40:02","slug":"home","status":"publish","type":"page","link":"https:\/\/ajuda.ez4.com.br\/","title":{"rendered":"Home"},"content":{"rendered":"\t\t<div data-elementor-type=\"wp-page\" data-elementor-id=\"4500\" class=\"elementor elementor-4500\">\n\t\t\t\t\t\t\t\t\t<section class=\"elementor-section elementor-top-section elementor-element elementor-element-7c165c6 elementor-section-full_width elementor-section-height-default elementor-section-height-default\" data-id=\"7c165c6\" data-element_type=\"section\">\n\t\t\t\t\t\t<div class=\"elementor-container elementor-column-gap-no\">\n\t\t\t\t\t<div class=\"elementor-column elementor-col-100 elementor-top-column elementor-element elementor-element-831ca4c\" data-id=\"831ca4c\" data-element_type=\"column\">\n\t\t\t<div class=\"elementor-widget-wrap elementor-element-populated\">\n\t\t\t\t\t\t\t\t<div class=\"elementor-element elementor-element-8489d8f elementor-widget elementor-widget-docly_hero\" data-id=\"8489d8f\" data-element_type=\"widget\" data-widget_type=\"docly_hero.default\">\n\t\t\t\t<div class=\"elementor-widget-container\">\n\t\t\t<section class=\"docly-banner-support\">\r\n\t<div class=\"banner-content text-center\">\r\n\t\t<div class=\"banner-content-wrapper\">\r\n\t\t\t\t\t\t    <h1 class=\"banner-title wow fadeInUp\">Bem-vindo a Central de Ajuda EZ4<\/h1>\r\n\t\t\t\t\t\t            <form action=\"https:\/\/ajuda.ez4.com.br\/\" role=\"search\" method=\"get\" class=\"focused-form banner_search_form\">\r\n                <div class=\"input-group\">\r\n                    <input type=\"search\" class=\"form-control\" name=\"s\" id=\"searchInput\" placeholder=\"Como podemos te ajudar?\">  \r\n\t\t\t\t\t                  \r\n                    <input type=\"hidden\" name=\"post_type[]\" value=\"docs\" \/>\r\n                    <input type=\"hidden\" name=\"post_type[]\" value=\"faq\" \/>\r\n\r\n                    <div class=\"input-group-append\">\r\n                        <button type=\"submit\"><i class=\"icon_search\"><\/i><\/button>\r\n                    <\/div>\r\n                <\/div>\r\n\r\n                <div id=\"docly-search-result\" data-noresult=\"No Results Found\"><\/div>\r\n                \t<div class=\"header_search_keyword\">\r\n\t\t\t\t\t\t\t<ul class=\"list-unstyled\">\r\n\t\t\t\t\t\t\t\t\t<li class=\"wow fadeInUp\" data-wow-delay=\"0.2s\">\r\n\t\t\t\t\t\t<a href=\"#\"> EZcomex <\/a>\r\n\t\t\t\t\t<\/li>\r\n\t\t\t\t\t\t\t\t\t<li class=\"wow fadeInUp\" data-wow-delay=\"0.2s\">\r\n\t\t\t\t\t\t<a href=\"#\"> EZvendas <\/a>\r\n\t\t\t\t\t<\/li>\r\n\t\t\t\t\t\t\t\t\t<li class=\"wow fadeInUp\" data-wow-delay=\"0.2s\">\r\n\t\t\t\t\t\t<a href=\"#\"> EZcompras <\/a>\r\n\t\t\t\t\t<\/li>\r\n\t\t\t\t\t\t\t<\/ul>\r\n\t\t\t<\/div>\r\n            <\/form>\r\n\t\t\t<!-- \/.banner-search-form-wrapper -->\r\n\t\t<\/div>\r\n\t\t<!-- \/.banner-content-wrapper -->\r\n\t<\/div>\r\n\t<!-- \/.banner-content -->\r\n\t\t\t\t<ul class=\"partical-animation wow fadeIn\" data-wow-delay=\"0.9s\">\r\n\t\t\t                <li class=\"partical\">\r\n                    <img decoding=\"async\" data-parallax='{\"x\": -180, \"y\": 80, \"rotateY\":2000}' src=\"https:\/\/ajuda.ez4.com.br\/wp-content\/plugins\/docly-core\/widgets\/hero\/images\/plus.png\" alt=\"partical\">\r\n                <\/li>\r\n            \t\t\t<li class=\"partical\"><\/li>\r\n\t\t\t<li class=\"partical\"><\/li>\r\n\t\t\t<li class=\"partical\"><\/li>\r\n\t\t\t<li class=\"partical\"><\/li>\r\n\t\t\t<li class=\"partical\"><\/li>\r\n\t\t\t<li class=\"partical\"><\/li>\r\n\t\t\t<li class=\"partical\"><\/li>\r\n\t\t\t<li class=\"partical\"><\/li>\r\n\t\t\t<li class=\"partical\"><\/li>\r\n\t\t\t<li class=\"partical\"><\/li>\r\n                            <li class=\"partical\">\r\n                    <img decoding=\"async\" src=\"https:\/\/ajuda.ez4.com.br\/wp-content\/plugins\/docly-core\/widgets\/hero\/images\/plus_one.png\" data-parallax='{\"x\": -250, \"y\": -160, \"rotateZ\":200}' alt=\"partical\">\r\n                <\/li>\r\n            \t\t<\/ul>\r\n\t\t<div class=\"bottom-shape\">\r\n\t\t<img decoding=\"async\" src=\"https:\/\/ajuda.ez4.com.br\/wp-content\/plugins\/docly-core\/widgets\/hero\/images\/shapes\/banner-bottom-shape.png\" alt=\"banner bottom curve shape\">\r\n\t<\/div>\r\n<\/section>\t\t<\/div>\n\t\t\t\t<\/div>\n\t\t\t\t\t<\/div>\n\t\t<\/div>\n\t\t\t\t\t\t\t<\/div>\n\t\t<\/section>\n\t\t\t\t<section class=\"elementor-section elementor-top-section elementor-element elementor-element-240b80a elementor-section-boxed elementor-section-height-default elementor-section-height-default\" data-id=\"240b80a\" data-element_type=\"section\">\n\t\t\t\t\t\t<div class=\"elementor-container elementor-column-gap-default\">\n\t\t\t\t\t<div class=\"elementor-column elementor-col-100 elementor-top-column elementor-element elementor-element-a021007\" data-id=\"a021007\" data-element_type=\"column\">\n\t\t\t<div class=\"elementor-widget-wrap elementor-element-populated\">\n\t\t\t\t\t\t\t\t<div class=\"elementor-element elementor-element-0ab6cf0 elementor-widget elementor-widget-docy_single_doc\" data-id=\"0ab6cf0\" data-element_type=\"widget\" data-widget_type=\"docy_single_doc.default\">\n\t\t\t\t<div class=\"elementor-widget-container\">\n\t\t\t\n<div class=\"ezd-grid ezd-column-3\">\n\t        <div class=\"categories_guide_item box-item wow fadeInUp single-doc-layout-one\">\n            <div class=\"doc-top ezd-d-flex ezd-align-items-start\">\n\t\t\t\t                <a class=\"doc_tag_title\" href=\"https:\/\/ajuda.ez4.com.br\/index.php\/docs\/produtos-ez4\/minhas-despesas\/\">\n\t\t\t\t\t<h4 class=\"title ct-heading-text\">EZ Despesas<\/h4><span class=\"ezd-badge\">9 Topics<\/span>                <\/a>\n            <\/div>\n\t\t\t<ul class=\"ezd-list-unstyled tag_list\"><li><a href=\"https:\/\/ajuda.ez4.com.br\/index.php\/docs\/produtos-ez4\/minhas-despesas\/manual-do-usuario-6291\/\" class=\"ct-content-text\">Manual do Usu\u00e1rio<\/a><\/li><li><a href=\"https:\/\/ajuda.ez4.com.br\/index.php\/docs\/produtos-ez4\/minhas-despesas\/configuracoes-6293\/\" class=\"ct-content-text\">Configura\u00e7\u00f5es<\/a><\/li><\/ul>\t\t\t<a href=\"https:\/\/ajuda.ez4.com.br\/index.php\/docs\/produtos-ez4\/minhas-despesas\/\" class=\"doc_border_btn\">Veja mais <i class=\"arrow_right\"><\/i><\/a>        <\/div>\n\t        <div class=\"categories_guide_item box-item wow fadeInUp single-doc-layout-one\">\n            <div class=\"doc-top ezd-d-flex ezd-align-items-start\">\n\t\t\t\t                <a class=\"doc_tag_title\" href=\"https:\/\/ajuda.ez4.com.br\/index.php\/docs\/produtos-ez4\/portal-grc\/\">\n\t\t\t\t\t<h4 class=\"title ct-heading-text\">Portal GRC<\/h4><span class=\"ezd-badge\">14 Topics<\/span>                <\/a>\n            <\/div>\n\t\t\t<ul class=\"ezd-list-unstyled tag_list\"><li><a href=\"https:\/\/ajuda.ez4.com.br\/index.php\/docs\/produtos-ez4\/portal-grc\/busca-de-notas\/\" class=\"ct-content-text\">Busca de Notas<\/a><\/li><li><a href=\"https:\/\/ajuda.ez4.com.br\/index.php\/docs\/produtos-ez4\/portal-grc\/exportar-visualizar-excluir-origens\/\" class=\"ct-content-text\">Exportar | Visualizar | Excluir Origens<\/a><\/li><\/ul>\t\t\t<a href=\"https:\/\/ajuda.ez4.com.br\/index.php\/docs\/produtos-ez4\/portal-grc\/\" class=\"doc_border_btn\">Veja mais <i class=\"arrow_right\"><\/i><\/a>        <\/div>\n\t        <div class=\"categories_guide_item box-item wow fadeInUp single-doc-layout-one\">\n            <div class=\"doc-top ezd-d-flex ezd-align-items-start\">\n\t\t\t\t                <a class=\"doc_tag_title\" href=\"https:\/\/ajuda.ez4.com.br\/index.php\/docs\/produtos-ez4\/comex\/\">\n\t\t\t\t\t<h4 class=\"title ct-heading-text\">EZ Comex<\/h4><span class=\"ezd-badge\">2 Topics<\/span>                <\/a>\n            <\/div>\n\t\t\t<ul class=\"ezd-list-unstyled tag_list\"><li><a href=\"https:\/\/ajuda.ez4.com.br\/index.php\/docs\/produtos-ez4\/comex\/manual-do-usuario\/\" class=\"ct-content-text\">Manual do Usu\u00e1rio<\/a><\/li><li><a href=\"https:\/\/ajuda.ez4.com.br\/index.php\/docs\/produtos-ez4\/comex\/configuracoes\/\" class=\"ct-content-text\">Configura\u00e7\u00f5es<\/a><\/li><\/ul>\t\t\t<a href=\"https:\/\/ajuda.ez4.com.br\/index.php\/docs\/produtos-ez4\/comex\/\" class=\"doc_border_btn\">Veja mais <i class=\"arrow_right\"><\/i><\/a>        <\/div>\n\t        <div class=\"categories_guide_item box-item wow fadeInUp single-doc-layout-one\">\n            <div class=\"doc-top ezd-d-flex ezd-align-items-start\">\n\t\t\t\t                <a class=\"doc_tag_title\" href=\"https:\/\/ajuda.ez4.com.br\/index.php\/docs\/produtos-ez4\/minhas-vendas\/\">\n\t\t\t\t\t<h4 class=\"title ct-heading-text\">EZ Vendas<\/h4><span class=\"ezd-badge\">2 Topics<\/span>                <\/a>\n            <\/div>\n\t\t\t<ul class=\"ezd-list-unstyled tag_list\"><li><a href=\"https:\/\/ajuda.ez4.com.br\/index.php\/docs\/produtos-ez4\/minhas-vendas\/manual-do-usuario\/\" class=\"ct-content-text\">Manual do Usu\u00e1rio<\/a><\/li><li><a href=\"https:\/\/ajuda.ez4.com.br\/index.php\/docs\/produtos-ez4\/minhas-vendas\/configuracoes\/\" class=\"ct-content-text\">Configura\u00e7\u00f5es<\/a><\/li><\/ul>\t\t\t<a href=\"https:\/\/ajuda.ez4.com.br\/index.php\/docs\/produtos-ez4\/minhas-vendas\/\" class=\"doc_border_btn\">Veja mais <i class=\"arrow_right\"><\/i><\/a>        <\/div>\n\t        <div class=\"categories_guide_item box-item wow fadeInUp single-doc-layout-one\">\n            <div class=\"doc-top ezd-d-flex ezd-align-items-start\">\n\t\t\t\t                <a class=\"doc_tag_title\" href=\"https:\/\/ajuda.ez4.com.br\/index.php\/docs\/produtos-ez4\/cadastro-de-produtos-6116\/\">\n\t\t\t\t\t<h4 class=\"title ct-heading-text\">EZ Cadastro<\/h4><span class=\"ezd-badge\">7 Topics<\/span>                <\/a>\n            <\/div>\n\t\t\t<ul class=\"ezd-list-unstyled tag_list\"><li><a href=\"https:\/\/ajuda.ez4.com.br\/index.php\/docs\/produtos-ez4\/cadastro-de-produtos-6116\/produtos-6283\/\" class=\"ct-content-text\">Produtos<\/a><\/li><li><a href=\"https:\/\/ajuda.ez4.com.br\/index.php\/docs\/produtos-ez4\/cadastro-de-produtos-6116\/clientes-6287\/\" class=\"ct-content-text\">Clientes<\/a><\/li><\/ul>\t\t\t<a href=\"https:\/\/ajuda.ez4.com.br\/index.php\/docs\/produtos-ez4\/cadastro-de-produtos-6116\/\" class=\"doc_border_btn\">Veja mais <i class=\"arrow_right\"><\/i><\/a>        <\/div>\n\t        <div class=\"categories_guide_item box-item wow fadeInUp single-doc-layout-one\">\n            <div class=\"doc-top ezd-d-flex ezd-align-items-start\">\n\t\t\t\t                <a class=\"doc_tag_title\" href=\"https:\/\/ajuda.ez4.com.br\/index.php\/docs\/produtos-ez4\/ez-compras-6327\/\">\n\t\t\t\t\t<h4 class=\"title ct-heading-text\">EZ Compras<\/h4><span class=\"ezd-badge\">1 Topics<\/span>                <\/a>\n            <\/div>\n\t\t\t<ul class=\"ezd-list-unstyled tag_list\"><li><a href=\"https:\/\/ajuda.ez4.com.br\/index.php\/docs\/produtos-ez4\/ez-compras-6327\/manual-do-usuario-6329\/\" class=\"ct-content-text\">Manual do Usu\u00e1rio<\/a><\/li><\/ul>\t\t\t<a href=\"https:\/\/ajuda.ez4.com.br\/index.php\/docs\/produtos-ez4\/ez-compras-6327\/\" class=\"doc_border_btn\">Veja mais <i class=\"arrow_right\"><\/i><\/a>        <\/div>\n\t        <div class=\"categories_guide_item box-item wow fadeInUp single-doc-layout-one\">\n            <div class=\"doc-top ezd-d-flex ezd-align-items-start\">\n\t\t\t\t                <a class=\"doc_tag_title\" href=\"https:\/\/ajuda.ez4.com.br\/index.php\/docs\/produtos-ez4\/ez-aprovacoes-6549\/\">\n\t\t\t\t\t<h4 class=\"title ct-heading-text\">EZ Aprova\u00e7\u00f5es<\/h4><span class=\"ezd-badge\">1 Topics<\/span>                <\/a>\n            <\/div>\n\t\t\t<ul class=\"ezd-list-unstyled tag_list\"><li><a href=\"https:\/\/ajuda.ez4.com.br\/index.php\/docs\/produtos-ez4\/ez-aprovacoes-6549\/manual-do-usuario-6551\/\" class=\"ct-content-text\">Manual do Usu\u00e1rio<\/a><\/li><\/ul>\t\t\t<a href=\"https:\/\/ajuda.ez4.com.br\/index.php\/docs\/produtos-ez4\/ez-aprovacoes-6549\/\" class=\"doc_border_btn\">Veja mais <i class=\"arrow_right\"><\/i><\/a>        <\/div>\n\t        <div class=\"categories_guide_item box-item wow fadeInUp single-doc-layout-one\">\n            <div class=\"doc-top ezd-d-flex ezd-align-items-start\">\n\t\t\t\t                <a class=\"doc_tag_title\" href=\"https:\/\/ajuda.ez4.com.br\/index.php\/docs\/produtos-ez4\/compras-digital-6752\/\">\n\t\t\t\t\t<h4 class=\"title ct-heading-text\">Compras Digital<\/h4><span class=\"ezd-badge\">1 Topics<\/span>                <\/a>\n            <\/div>\n\t\t\t<ul class=\"ezd-list-unstyled tag_list\"><li><a href=\"https:\/\/ajuda.ez4.com.br\/index.php\/docs\/produtos-ez4\/compras-digital-6752\/compras-digital-6754\/\" class=\"ct-content-text\">Manual do Usu\u00e1rio<\/a><\/li><\/ul>\t\t\t<a href=\"https:\/\/ajuda.ez4.com.br\/index.php\/docs\/produtos-ez4\/compras-digital-6752\/\" class=\"doc_border_btn\">Veja mais <i class=\"arrow_right\"><\/i><\/a>        <\/div>\n\t<\/div>\n\n\t\t<\/div>\n\t\t\t\t<\/div>\n\t\t\t\t\t<\/div>\n\t\t<\/div>\n\t\t\t\t\t\t\t<\/div>\n\t\t<\/section>\n\t\t\t\t<section class=\"elementor-section elementor-top-section elementor-element elementor-element-6e52437 elementor-section-boxed elementor-section-height-default elementor-section-height-default\" data-id=\"6e52437\" data-element_type=\"section\">\n\t\t\t\t\t\t<div class=\"elementor-container elementor-column-gap-default\">\n\t\t\t\t\t<div class=\"elementor-column elementor-col-25 elementor-top-column elementor-element elementor-element-f581621\" data-id=\"f581621\" data-element_type=\"column\">\n\t\t\t<div class=\"elementor-widget-wrap elementor-element-populated\">\n\t\t\t\t\t\t\t\t<div class=\"elementor-element elementor-element-22afe6c elementor-widget elementor-widget-image\" data-id=\"22afe6c\" data-element_type=\"widget\" data-widget_type=\"image.default\">\n\t\t\t\t<div class=\"elementor-widget-container\">\n\t\t\t<style>\/*! elementor - v3.12.2 - 23-04-2023 *\/\n.elementor-widget-image{text-align:center}.elementor-widget-image a{display:inline-block}.elementor-widget-image a img[src$=\".svg\"]{width:48px}.elementor-widget-image img{vertical-align:middle;display:inline-block}<\/style>\t\t\t\t\t\t\t\t\t\t\t\t<img decoding=\"async\" width=\"1024\" height=\"269\" src=\"https:\/\/ajuda.ez4.com.br\/wp-content\/uploads\/2023\/05\/EZCOMEX-1024x269.png\" class=\"attachment-large size-large wp-image-6098\" alt=\"\" loading=\"lazy\" srcset=\"https:\/\/ajuda.ez4.com.br\/wp-content\/uploads\/2023\/05\/EZCOMEX-1024x269.png 1024w, https:\/\/ajuda.ez4.com.br\/wp-content\/uploads\/2023\/05\/EZCOMEX-300x79.png 300w, https:\/\/ajuda.ez4.com.br\/wp-content\/uploads\/2023\/05\/EZCOMEX-768x202.png 768w, https:\/\/ajuda.ez4.com.br\/wp-content\/uploads\/2023\/05\/EZCOMEX-20x5.png 20w, https:\/\/ajuda.ez4.com.br\/wp-content\/uploads\/2023\/05\/EZCOMEX-1536x404.png 1536w, https:\/\/ajuda.ez4.com.br\/wp-content\/uploads\/2023\/05\/EZCOMEX.png 1549w\" sizes=\"(max-width: 1024px) 100vw, 1024px\" \/>\t\t\t\t\t\t\t\t\t\t\t\t\t\t\t<\/div>\n\t\t\t\t<\/div>\n\t\t\t\t\t<\/div>\n\t\t<\/div>\n\t\t\t\t<div class=\"elementor-column elementor-col-25 elementor-top-column elementor-element elementor-element-2751a1d\" data-id=\"2751a1d\" data-element_type=\"column\">\n\t\t\t<div class=\"elementor-widget-wrap elementor-element-populated\">\n\t\t\t\t\t\t\t\t<div class=\"elementor-element elementor-element-58ff21d elementor-widget elementor-widget-image\" data-id=\"58ff21d\" data-element_type=\"widget\" data-widget_type=\"image.default\">\n\t\t\t\t<div class=\"elementor-widget-container\">\n\t\t\t\t\t\t\t\t\t\t\t\t\t\t\t<img decoding=\"async\" width=\"1024\" height=\"264\" src=\"https:\/\/ajuda.ez4.com.br\/wp-content\/uploads\/2023\/05\/EZCOMPRAS-1024x264.png\" class=\"attachment-large size-large wp-image-6099\" alt=\"\" loading=\"lazy\" srcset=\"https:\/\/ajuda.ez4.com.br\/wp-content\/uploads\/2023\/05\/EZCOMPRAS-1024x264.png 1024w, https:\/\/ajuda.ez4.com.br\/wp-content\/uploads\/2023\/05\/EZCOMPRAS-300x77.png 300w, https:\/\/ajuda.ez4.com.br\/wp-content\/uploads\/2023\/05\/EZCOMPRAS-768x198.png 768w, https:\/\/ajuda.ez4.com.br\/wp-content\/uploads\/2023\/05\/EZCOMPRAS-20x5.png 20w, https:\/\/ajuda.ez4.com.br\/wp-content\/uploads\/2023\/05\/EZCOMPRAS-1536x397.png 1536w, https:\/\/ajuda.ez4.com.br\/wp-content\/uploads\/2023\/05\/EZCOMPRAS.png 1576w\" sizes=\"(max-width: 1024px) 100vw, 1024px\" \/>\t\t\t\t\t\t\t\t\t\t\t\t\t\t\t<\/div>\n\t\t\t\t<\/div>\n\t\t\t\t\t<\/div>\n\t\t<\/div>\n\t\t\t\t<div class=\"elementor-column elementor-col-25 elementor-top-column elementor-element elementor-element-1f38068\" data-id=\"1f38068\" data-element_type=\"column\">\n\t\t\t<div class=\"elementor-widget-wrap elementor-element-populated\">\n\t\t\t\t\t\t\t\t<div class=\"elementor-element elementor-element-138762b elementor-widget elementor-widget-image\" data-id=\"138762b\" data-element_type=\"widget\" data-widget_type=\"image.default\">\n\t\t\t\t<div class=\"elementor-widget-container\">\n\t\t\t\t\t\t\t\t\t\t\t\t\t\t\t<img decoding=\"async\" width=\"1024\" height=\"315\" src=\"https:\/\/ajuda.ez4.com.br\/wp-content\/uploads\/2023\/05\/EZDESPESAS-1024x315.png\" class=\"attachment-large size-large wp-image-6100\" alt=\"\" loading=\"lazy\" srcset=\"https:\/\/ajuda.ez4.com.br\/wp-content\/uploads\/2023\/05\/EZDESPESAS-1024x315.png 1024w, https:\/\/ajuda.ez4.com.br\/wp-content\/uploads\/2023\/05\/EZDESPESAS-300x92.png 300w, https:\/\/ajuda.ez4.com.br\/wp-content\/uploads\/2023\/05\/EZDESPESAS-768x237.png 768w, https:\/\/ajuda.ez4.com.br\/wp-content\/uploads\/2023\/05\/EZDESPESAS-20x6.png 20w, https:\/\/ajuda.ez4.com.br\/wp-content\/uploads\/2023\/05\/EZDESPESAS.png 1321w\" sizes=\"(max-width: 1024px) 100vw, 1024px\" \/>\t\t\t\t\t\t\t\t\t\t\t\t\t\t\t<\/div>\n\t\t\t\t<\/div>\n\t\t\t\t\t<\/div>\n\t\t<\/div>\n\t\t\t\t<div class=\"elementor-column elementor-col-25 elementor-top-column elementor-element elementor-element-b066fc2\" data-id=\"b066fc2\" data-element_type=\"column\">\n\t\t\t<div class=\"elementor-widget-wrap elementor-element-populated\">\n\t\t\t\t\t\t\t\t<div class=\"elementor-element elementor-element-11a41c3 elementor-widget elementor-widget-image\" data-id=\"11a41c3\" data-element_type=\"widget\" data-widget_type=\"image.default\">\n\t\t\t\t<div class=\"elementor-widget-container\">\n\t\t\t\t\t\t\t\t\t\t\t\t\t\t\t<img decoding=\"async\" width=\"1024\" height=\"315\" src=\"https:\/\/ajuda.ez4.com.br\/wp-content\/uploads\/2023\/05\/EZVENDAS-1024x315.png\" class=\"attachment-large size-large wp-image-6101\" alt=\"\" loading=\"lazy\" srcset=\"https:\/\/ajuda.ez4.com.br\/wp-content\/uploads\/2023\/05\/EZVENDAS-1024x315.png 1024w, https:\/\/ajuda.ez4.com.br\/wp-content\/uploads\/2023\/05\/EZVENDAS-300x92.png 300w, https:\/\/ajuda.ez4.com.br\/wp-content\/uploads\/2023\/05\/EZVENDAS-768x237.png 768w, https:\/\/ajuda.ez4.com.br\/wp-content\/uploads\/2023\/05\/EZVENDAS-20x6.png 20w, https:\/\/ajuda.ez4.com.br\/wp-content\/uploads\/2023\/05\/EZVENDAS.png 1321w\" sizes=\"(max-width: 1024px) 100vw, 1024px\" \/>\t\t\t\t\t\t\t\t\t\t\t\t\t\t\t<\/div>\n\t\t\t\t<\/div>\n\t\t\t\t\t<\/div>\n\t\t<\/div>\n\t\t\t\t\t\t\t<\/div>\n\t\t<\/section>\n\t\t\t\t\t\t\t<\/div>\n\t\t","protected":false},"excerpt":{"rendered":"<p>Bem-vindo a Central de Ajuda EZ4 EZcomex EZvendas EZcompras EZ Despesas 9 Topics Manual do Usu\u00e1rio Configura\u00e7\u00f5es Veja mais Portal GRC 14 Topics Busca de Notas Exportar | Visualizar | Excluir Origens Veja mais EZ Comex 2 Topics Manual do Usu\u00e1rio Configura\u00e7\u00f5es Veja mais EZ Vendas 2 Topics Manual do Usu\u00e1rio Configura\u00e7\u00f5es Veja mais EZ [&hellip;]<\/p>\n","protected":false},"author":1,"featured_media":0,"parent":0,"menu_order":0,"comment_status":"closed","ping_status":"closed","template":"elementor_header_footer","meta":{"_bbp_topic_count":0,"_bbp_reply_count":0,"_bbp_total_topic_count":0,"_bbp_total_reply_count":0,"_bbp_voice_count":0,"_bbp_anonymous_reply_count":0,"_bbp_topic_count_hidden":0,"_bbp_reply_count_hidden":0,"_bbp_forum_subforum_count":0,"_monsterinsights_skip_tracking":false,"_monsterinsights_sitenote_active":false,"_monsterinsights_sitenote_note":"","_monsterinsights_sitenote_category":0},"acf":[],"aioseo_notices":[],"_links":{"self":[{"href":"https:\/\/ajuda.ez4.com.br\/index.php\/wp-json\/wp\/v2\/pages\/4500"}],"collection":[{"href":"https:\/\/ajuda.ez4.com.br\/index.php\/wp-json\/wp\/v2\/pages"}],"about":[{"href":"https:\/\/ajuda.ez4.com.br\/index.php\/wp-json\/wp\/v2\/types\/page"}],"author":[{"embeddable":true,"href":"https:\/\/ajuda.ez4.com.br\/index.php\/wp-json\/wp\/v2\/users\/1"}],"replies":[{"embeddable":true,"href":"https:\/\/ajuda.ez4.com.br\/index.php\/wp-json\/wp\/v2\/comments?post=4500"}],"version-history":[{"count":111,"href":"https:\/\/ajuda.ez4.com.br\/index.php\/wp-json\/wp\/v2\/pages\/4500\/revisions"}],"predecessor-version":[{"id":6793,"href":"https:\/\/ajuda.ez4.com.br\/index.php\/wp-json\/wp\/v2\/pages\/4500\/revisions\/6793"}],"wp:attachment":[{"href":"https:\/\/ajuda.ez4.com.br\/index.php\/wp-json\/wp\/v2\/media?parent=4500"}],"curies":[{"name":"wp","href":"https:\/\/api.w.org\/{rel}","templated":true}]}}